{"id":8989,"date":"2018-05-24T19:13:59","date_gmt":"2018-05-24T19:13:59","guid":{"rendered":"http:\/\/www.fotoclub-amkumma.at\/wp\/?page_id=8989"},"modified":"2023-01-13T18:47:53","modified_gmt":"2023-01-13T18:47:53","slug":"datenschutzerklaerung","status":"publish","type":"page","link":"https:\/\/www.fotoclub-amkumma.at\/wp\/?page_id=8989","title":{"rendered":"Datenschutzerkl\u00e4rung"},"content":{"rendered":"<p>Erkl\u00e4rung zur Informationspflicht<\/p>\n<p>Der Schutz Ihrer pers\u00f6nlichen Daten ist uns ein besonderes Anliegen. Wir verarbeiten Ihre Daten daher ausschlie\u00dflich auf Grundlage der gesetzlichen Bestimmungen (DSGVO, TKG 2003). In diesen Datenschutzinformationen informieren wir Sie \u00fcber die wichtigsten Aspekte der Datenverarbeitung im Rahmen unserer Website.<\/p>\n<p><strong>Kontakt mit uns<\/strong><\/p>\n<p>Wenn Sie per Formular auf der Website oder per E-Mail Kontakt mit uns aufnehmen, werden Ihre angegebenen Daten bei uns <strong>nicht <\/strong>gespeichert. Daher gehen Ihre Daten nicht an Dritte weiter.<\/p>\n<p><strong>Cookies<\/strong><\/p>\n<p>Unsere Website verwendet keine Cookies.<\/p>\n<p><strong>Web-Analyse<\/strong><\/p>\n<p>Unsere Website verwendet keinen Webanalysedienst<strong>.<\/strong><\/p>\n<p><strong>Newsletter<\/strong><\/p>\n<p>Wir versenden keinen Newsletter<\/p>\n<p><strong>Ihre Rechte<\/strong><\/p>\n<p>Ihnen stehen grunds\u00e4tzlich die Rechte auf Auskunft, Berichtigung, L\u00f6schung, Einschr\u00e4nkung, Daten\u00fcbertragbarkeit, Widerruf und Widerspruch zu. Wenn Sie glauben, dass die Verarbeitung Ihrer Daten gegen das Datenschutzrecht verst\u00f6\u00dft oder Ihre datenschutzrechtlichen Anspr\u00fcche sonst in einer Weise verletzt worden sind, k\u00f6nnen Sie sich bei der Aufsichtsbeh\u00f6rde beschweren. In \u00d6sterreich ist dies die Datenschutzbeh\u00f6rde.<\/p>\n<p><strong>Sie erreichen uns unter folgenden Kontaktdaten<\/strong>:<\/p>\n<p><em>Fotoclub am Kumma<\/em><\/p>\n<p><em>Grasmuck J\u00fcrgen, Tel. 0650 9661601, <\/em><\/p>\n<p><em>juergen.grasmuck@gmx.at<\/em><\/p>\n","protected":false},"excerpt":{"rendered":"<p>Erkl\u00e4rung zur Informationspflicht Der Schutz Ihrer pers\u00f6nlichen Daten ist uns ein besonderes Anliegen. Wir verarbeiten Ihre Daten daher ausschlie\u00dflich auf Grundlage der gesetzlichen Bestimmungen (DSGVO, TKG 2003). In diesen Datenschutzinformationen informieren wir Sie \u00fcber die wichtigsten Aspekte der Datenverarbeitung im Rahmen unserer Website. Kontakt mit &hellip; <a href=\"https:\/\/www.fotoclub-amkumma.at\/wp\/?page_id=8989\" class=\"more-link\"><span>Weiterlesen<span class=\"screen-reader-text\">Datenschutzerkl\u00e4rung<\/span><\/span><\/a><\/p>\n","protected":false},"author":3,"featured_media":0,"parent":1236,"menu_order":0,"comment_status":"closed","ping_status":"closed","template":"","meta":{"footnotes":""},"class_list":["post-8989","page","type-page","status-publish","hentry"],"_links":{"self":[{"href":"https:\/\/www.fotoclub-amkumma.at\/wp\/index.php?rest_route=\/wp\/v2\/pages\/8989","targetHints":{"allow":["GET"]}}],"collection":[{"href":"https:\/\/www.fotoclub-amkumma.at\/wp\/index.php?rest_route=\/wp\/v2\/pages"}],"about":[{"href":"https:\/\/www.fotoclub-amkumma.at\/wp\/index.php?rest_route=\/wp\/v2\/types\/page"}],"author":[{"embeddable":true,"href":"https:\/\/www.fotoclub-amkumma.at\/wp\/index.php?rest_route=\/wp\/v2\/users\/3"}],"replies":[{"embeddable":true,"href":"https:\/\/www.fotoclub-amkumma.at\/wp\/index.php?rest_route=%2Fwp%2Fv2%2Fcomments&post=8989"}],"version-history":[{"count":3,"href":"https:\/\/www.fotoclub-amkumma.at\/wp\/index.php?rest_route=\/wp\/v2\/pages\/8989\/revisions"}],"predecessor-version":[{"id":9121,"href":"https:\/\/www.fotoclub-amkumma.at\/wp\/index.php?rest_route=\/wp\/v2\/pages\/8989\/revisions\/9121"}],"up":[{"embeddable":true,"href":"https:\/\/www.fotoclub-amkumma.at\/wp\/index.php?rest_route=\/wp\/v2\/pages\/1236"}],"wp:attachment":[{"href":"https:\/\/www.fotoclub-amkumma.at\/wp\/index.php?rest_route=%2Fwp%2Fv2%2Fmedia&parent=8989"}],"curies":[{"name":"wp","href":"https:\/\/api.w.org\/{rel}","templated":true}]}}