{"id":7251,"date":"2016-03-17T20:47:24","date_gmt":"2016-03-17T20:47:24","guid":{"rendered":"http:\/\/www.fotoclub-amkumma.at\/wp\/?page_id=7251"},"modified":"2019-10-16T13:59:08","modified_gmt":"2019-10-16T13:59:08","slug":"vm-2016_1","status":"publish","type":"page","link":"https:\/\/www.fotoclub-amkumma.at\/wp\/?page_id=7251","title":{"rendered":"VM 2016"},"content":{"rendered":"<p>2. Quartal<\/p>\n<p>Mit einer Rekordteilnehmerzahl von 20 Fotografen, ist am Montag das 2. Quartal unserer Vereinsmeisterschaft \u00fcber die B\u00fchne gegangen.<\/p>\n<p>Wieder sehr viel unterschiedliche Bilder wurden begutachtet und juriert. Leider gab es ein kleines Problem mit der Bildwiedergabe auf dem neuen TV. Wir konnten aber im Anschluss an den Clubabend diesen Fehler beheben und bei der n\u00e4chsten VM ist wieder alles in Ordnung.<\/p>\n<p>Alle 80 Bilder sind juriert und ausgewertet.<\/p>\n<p>Das Siegerbild in der Einzelwertung kommt\u00a0wieder von Norbert Bargetz. Mit durchschnittlich 9,05 Punkten hatte sein Bild vom Kleiber die Nase vorne. Platz 2 und 3 gehen an Karl Heinz Mader, Platz 4 Klaus Dornbach und Platz 5 wiederum an Norbert Bargetz.<\/p>\n<p>Den Quartalssieg aber konnte Karl Heinz Mader f\u00fcr sich verbuchen. Mit 31,26 Punkten liegt er aber nur 0,05 Punkte vor Norbert Bargetz und Klaus Dornbach (29,63 Punkte)<\/p>\n<p>Das bedeutet, dass es eine Umreihung in der Gesamtwertung gegeben hat.<\/p>\n<ol>\n<li>Karl Heinz Mader 64,15 Pkt.<\/li>\n<li>Bargetz Norbert 61,60 Pkt.<\/li>\n<li>Grasmuck J\u00fcrgen 59,04 Pkt.<\/li>\n<li>Klaus Dornbach 58,96 Pkt.<\/li>\n<li>Karin Str\u00f6hle 58,71 Pkt.<\/li>\n<li><\/li>\n<\/ol>\n<ol>\n<li>Quartal<\/li>\n<\/ol>\n<p>Das erste Quartal der diesj\u00e4hrigen Vereinsmeisterschaft ist geschlagen! Und eines vorweg &#8211; es war ein Quartal auf sehr hohem Niveau!!<\/p>\n<p>19 Fotografen haben ihre Bilder abgegeben! Das ist die h\u00f6chste Teilnehmerzahl in der Vereinsgeschichte. Nach dem Sichtungsdurchgang, erstmals auf unserem neuen Bildschirm, konnte man in einige erstaunte Gesichter schauen. Erstaunt \u00fcber das Niveau und begeistert \u00fcber die vielen tollen Bilder die abgegeben wurden. Vom Landschaftsbild bis hin zum Experiment war wieder alles dabei.<\/p>\n<p>Erster F\u00fchrender im neuen Jahr ist Karl Heinz Mader vor J\u00fcrgen Grasmuck und Norbert Bargetz. Norbert konnte auch das best bewertete Foto f\u00fcr sich verbuchen. Bei 18 Juroren kam er mit seinem Vogelportrait auf einen Durchschnitt von 9,5 Punkten. Gratulation<\/p>\n","protected":false},"excerpt":{"rendered":"<p>2. Quartal Mit einer Rekordteilnehmerzahl von 20 Fotografen, ist am Montag das 2. Quartal unserer Vereinsmeisterschaft \u00fcber die B\u00fchne gegangen. Wieder sehr viel unterschiedliche Bilder wurden begutachtet und juriert. Leider gab es ein kleines Problem mit der Bildwiedergabe auf dem neuen TV. Wir konnten aber &hellip; <a href=\"https:\/\/www.fotoclub-amkumma.at\/wp\/?page_id=7251\" class=\"more-link\"><span>Weiterlesen<span class=\"screen-reader-text\">VM 2016<\/span><\/span><\/a><\/p>\n","protected":false},"author":3,"featured_media":0,"parent":2554,"menu_order":5,"comment_status":"closed","ping_status":"closed","template":"","meta":{"footnotes":""},"class_list":["post-7251","page","type-page","status-publish","hentry"],"_links":{"self":[{"href":"https:\/\/www.fotoclub-amkumma.at\/wp\/index.php?rest_route=\/wp\/v2\/pages\/7251","targetHints":{"allow":["GET"]}}],"collection":[{"href":"https:\/\/www.fotoclub-amkumma.at\/wp\/index.php?rest_route=\/wp\/v2\/pages"}],"about":[{"href":"https:\/\/www.fotoclub-amkumma.at\/wp\/index.php?rest_route=\/wp\/v2\/types\/page"}],"author":[{"embeddable":true,"href":"https:\/\/www.fotoclub-amkumma.at\/wp\/index.php?rest_route=\/wp\/v2\/users\/3"}],"replies":[{"embeddable":true,"href":"https:\/\/www.fotoclub-amkumma.at\/wp\/index.php?rest_route=%2Fwp%2Fv2%2Fcomments&post=7251"}],"version-history":[{"count":10,"href":"https:\/\/www.fotoclub-amkumma.at\/wp\/index.php?rest_route=\/wp\/v2\/pages\/7251\/revisions"}],"predecessor-version":[{"id":10354,"href":"https:\/\/www.fotoclub-amkumma.at\/wp\/index.php?rest_route=\/wp\/v2\/pages\/7251\/revisions\/10354"}],"up":[{"embeddable":true,"href":"https:\/\/www.fotoclub-amkumma.at\/wp\/index.php?rest_route=\/wp\/v2\/pages\/2554"}],"wp:attachment":[{"href":"https:\/\/www.fotoclub-amkumma.at\/wp\/index.php?rest_route=%2Fwp%2Fv2%2Fmedia&parent=7251"}],"curies":[{"name":"wp","href":"https:\/\/api.w.org\/{rel}","templated":true}]}}