{"id":6150,"date":"2015-03-04T06:35:45","date_gmt":"2015-03-04T06:35:45","guid":{"rendered":"http:\/\/www.fotoclub-amkumma.at\/wp\/?page_id=6150"},"modified":"2023-01-12T18:09:55","modified_gmt":"2023-01-12T18:09:55","slug":"vereinsmeisterschaft-2015","status":"publish","type":"page","link":"https:\/\/www.fotoclub-amkumma.at\/wp\/?page_id=6150","title":{"rendered":"VM 2015"},"content":{"rendered":"\n<h3 class=\"wp-block-heading\">Karl Heinz Mader, hei\u00dft unser neuer Vereinsmeister.<\/h3>\n\n\n\n<p>Wir gratulieren KH recht herzlich zu einem weiteren Titel in seiner noch jungen Fotokarriere. KH konnte den&nbsp;knappen Vorsprung (0,7 Punkte) aus dem 3. Quartal, mit 4 tollen Bildern im letzten Quartal doch noch ausbauen und siegte mit 2,3 Punkten Vorsprung auf Klaus Dornbach. Unsere beiden Landesmeister zeigten&nbsp;auch Club intern das Sie ein sehr erfolgreiches Jahr hinter sich haben und deshalb auch ganz oben stehen.&nbsp;KH und Klaus konnten beide je 2 Quartale f\u00fcr sich entscheiden. Die Entscheidung fiel deshalb im letzten Durchgang, in diesem konnte KH alle 4 Bilder unter die besten 10 bringen, weshalb er auch die Nase vorne hatte.<\/p>\n\n\n\n<p>Hart umk\u00e4mpft war auch der dritte Platz, welchen Karin Str\u00f6hle schlie\u00dflich f\u00fcr sich erringen konnte. Mit 0,3 Punkten vor J\u00fcrgen Grasmuck, war auch das wieder eine knappe Entscheidung.<\/p>\n","protected":false},"excerpt":{"rendered":"<p>Karl Heinz Mader, hei\u00dft unser neuer Vereinsmeister. Wir gratulieren KH recht herzlich zu einem weiteren Titel in seiner noch jungen Fotokarriere. KH konnte den&nbsp;knappen Vorsprung (0,7 Punkte) aus dem 3. Quartal, mit 4 tollen Bildern im letzten Quartal doch noch ausbauen und siegte mit 2,3 &hellip; <a href=\"https:\/\/www.fotoclub-amkumma.at\/wp\/?page_id=6150\" class=\"more-link\"><span>Weiterlesen<span class=\"screen-reader-text\">VM 2015<\/span><\/span><\/a><\/p>\n","protected":false},"author":3,"featured_media":0,"parent":2554,"menu_order":4,"comment_status":"closed","ping_status":"closed","template":"","meta":{"footnotes":""},"class_list":["post-6150","page","type-page","status-publish","hentry"],"_links":{"self":[{"href":"https:\/\/www.fotoclub-amkumma.at\/wp\/index.php?rest_route=\/wp\/v2\/pages\/6150","targetHints":{"allow":["GET"]}}],"collection":[{"href":"https:\/\/www.fotoclub-amkumma.at\/wp\/index.php?rest_route=\/wp\/v2\/pages"}],"about":[{"href":"https:\/\/www.fotoclub-amkumma.at\/wp\/index.php?rest_route=\/wp\/v2\/types\/page"}],"author":[{"embeddable":true,"href":"https:\/\/www.fotoclub-amkumma.at\/wp\/index.php?rest_route=\/wp\/v2\/users\/3"}],"replies":[{"embeddable":true,"href":"https:\/\/www.fotoclub-amkumma.at\/wp\/index.php?rest_route=%2Fwp%2Fv2%2Fcomments&post=6150"}],"version-history":[{"count":23,"href":"https:\/\/www.fotoclub-amkumma.at\/wp\/index.php?rest_route=\/wp\/v2\/pages\/6150\/revisions"}],"predecessor-version":[{"id":11156,"href":"https:\/\/www.fotoclub-amkumma.at\/wp\/index.php?rest_route=\/wp\/v2\/pages\/6150\/revisions\/11156"}],"up":[{"embeddable":true,"href":"https:\/\/www.fotoclub-amkumma.at\/wp\/index.php?rest_route=\/wp\/v2\/pages\/2554"}],"wp:attachment":[{"href":"https:\/\/www.fotoclub-amkumma.at\/wp\/index.php?rest_route=%2Fwp%2Fv2%2Fmedia&parent=6150"}],"curies":[{"name":"wp","href":"https:\/\/api.w.org\/{rel}","templated":true}]}}