{"id":456,"date":"2012-01-03T17:49:33","date_gmt":"2012-01-03T17:49:33","guid":{"rendered":"http:\/\/www.fotoclub-amkumma.at\/wp\/?page_id=456"},"modified":"2023-01-12T18:04:05","modified_gmt":"2023-01-12T18:04:05","slug":"vereinsmeisterschaft-2011","status":"publish","type":"page","link":"https:\/\/www.fotoclub-amkumma.at\/wp\/?page_id=456","title":{"rendered":"VM 2011"},"content":{"rendered":"<p>Anl\u00e4sslich unserer Weihnachtfeier am 9. Dez. im Engel Weiler fand auch die Preisverteilung der Vereinsmeisterschaft 2011 statt.<\/p>\n<p>Diese Meisterschaft wird pro Quartal mit 4 Fotos beschickt wobei im September ein Sonderthema vorgegeben wird. Heuer war es \u201eLicht und Schatten\u201c.<\/p>\n<p>F\u00fcr die Wertung werden von den jeweils bestplatzierten f\u00fcnf Clubmitgliedern aus der lfd. VM. die Punkte zusammen gez\u00e4hlt, wobei das eigene Foto nicht bewertet werden darf.<\/p>\n<p>In der folgenden Bildbesprechung werden alle Werke \u00fcber St\u00e4rken und Schw\u00e4chen besprochen und auch Tipps f\u00fcr Verbesserungen diskutiert bzw. weiter gegeben.<\/p>\n<p style=\"text-align: center;\">\n<p>\u00a0BM Werner Huber f\u00fchrte pers\u00f6nlich die Preisverteilung unserer Vereinsmeisterschaft 2011 durch,<\/p>\n<p>daf\u00fcr nochmals herzlichen Dank.<\/p>\n<p>Insgesamt nahmen 18 Fotografen teil.<\/p>\n<p><strong>Rangliste VM 2011<\/strong><\/p>\n<table style=\"height: 544px;\" border=\"0\" width=\"787\">\n<tbody>\n<tr>\n<td><span style=\"color: #000000;\">1. Str\u00f6hle Kurt<\/span><span style=\"color: #000000;\">2. <\/span><span style=\"color: #000000;\">Str\u00f6hle Karin<\/span><\/p>\n<p><span style=\"color: #000000;\">3. Solterbeck Markus<\/span><\/p>\n<p><span style=\"color: #000000;\">4. Grasmuck J\u00fcrgen<\/span><\/p>\n<p><span style=\"color: #000000;\">5. Koholzer Peter<\/span><\/p>\n<p><span style=\"color: #000000;\">6. Kr\u00e4utler Karl<\/span><\/p>\n<p><span style=\"color: #000000;\">7. Ludescher Elfi<\/span><\/p>\n<p><span style=\"color: #000000;\">8. Frei Bertram<\/span><\/p>\n<p><span style=\"color: #000000;\">9. Ender Andreas<\/span><\/p>\n<p><span style=\"color: #000000;\">10. Riezler Lothar<\/span><\/td>\n<td><span style=\"color: #000000;\">569 Pkt.<\/span><span style=\"color: #000000;\">531 Pkt.<\/span><\/p>\n<p><span style=\"color: #000000;\">513 Pkt.<\/span><\/p>\n<p><span style=\"color: #000000;\">509 Pkt.<\/span><\/p>\n<p><span style=\"color: #000000;\">479 Pkt.<\/span><\/p>\n<p><span style=\"color: #000000;\">454 Pkt.<\/span><\/p>\n<p><span style=\"color: #000000;\">453 Pkt.<\/span><\/p>\n<p><span style=\"color: #000000;\">431 Pkt.<\/span><\/p>\n<p><span style=\"color: #000000;\">430 Pkt.<\/span><\/p>\n<p><span style=\"color: #000000;\">428 Pkt.<\/span><\/td>\n<\/tr>\n<\/tbody>\n<\/table>\n<p>Die weiteren Platzierungen: Amann Monika, Burtscher Rosi, Wurmitzer Reinhard, Mayer Erich, Dornbach Klaus, Katholik Uwe, Mathis Daniel, D\u00f6rflinger Meinhard.<\/p>\n","protected":false},"excerpt":{"rendered":"<p>Anl\u00e4sslich unserer Weihnachtfeier am 9. Dez. im Engel Weiler fand auch die Preisverteilung der Vereinsmeisterschaft 2011 statt. Diese Meisterschaft wird pro Quartal mit 4 Fotos beschickt wobei im September ein Sonderthema vorgegeben wird. Heuer war es \u201eLicht und Schatten\u201c. F\u00fcr die Wertung werden von den &hellip; <a href=\"https:\/\/www.fotoclub-amkumma.at\/wp\/?page_id=456\" class=\"more-link\"><span>Weiterlesen<span class=\"screen-reader-text\">VM 2011<\/span><\/span><\/a><\/p>\n","protected":false},"author":3,"featured_media":0,"parent":2554,"menu_order":0,"comment_status":"closed","ping_status":"closed","template":"","meta":{"footnotes":""},"class_list":["post-456","page","type-page","status-publish","hentry"],"_links":{"self":[{"href":"https:\/\/www.fotoclub-amkumma.at\/wp\/index.php?rest_route=\/wp\/v2\/pages\/456","targetHints":{"allow":["GET"]}}],"collection":[{"href":"https:\/\/www.fotoclub-amkumma.at\/wp\/index.php?rest_route=\/wp\/v2\/pages"}],"about":[{"href":"https:\/\/www.fotoclub-amkumma.at\/wp\/index.php?rest_route=\/wp\/v2\/types\/page"}],"author":[{"embeddable":true,"href":"https:\/\/www.fotoclub-amkumma.at\/wp\/index.php?rest_route=\/wp\/v2\/users\/3"}],"replies":[{"embeddable":true,"href":"https:\/\/www.fotoclub-amkumma.at\/wp\/index.php?rest_route=%2Fwp%2Fv2%2Fcomments&post=456"}],"version-history":[{"count":117,"href":"https:\/\/www.fotoclub-amkumma.at\/wp\/index.php?rest_route=\/wp\/v2\/pages\/456\/revisions"}],"predecessor-version":[{"id":11153,"href":"https:\/\/www.fotoclub-amkumma.at\/wp\/index.php?rest_route=\/wp\/v2\/pages\/456\/revisions\/11153"}],"up":[{"embeddable":true,"href":"https:\/\/www.fotoclub-amkumma.at\/wp\/index.php?rest_route=\/wp\/v2\/pages\/2554"}],"wp:attachment":[{"href":"https:\/\/www.fotoclub-amkumma.at\/wp\/index.php?rest_route=%2Fwp%2Fv2%2Fmedia&parent=456"}],"curies":[{"name":"wp","href":"https:\/\/api.w.org\/{rel}","templated":true}]}}