{"id":2980,"date":"2013-06-12T04:49:33","date_gmt":"2013-06-12T04:49:33","guid":{"rendered":"http:\/\/www.fotoclub-amkumma.at\/wp\/?page_id=2980"},"modified":"2019-10-16T13:57:08","modified_gmt":"2019-10-16T13:57:08","slug":"vereinsmeisterschaft-2013","status":"publish","type":"page","link":"https:\/\/www.fotoclub-amkumma.at\/wp\/?page_id=2980","title":{"rendered":"VM 2013"},"content":{"rendered":"<h3>Vereinsmeister: Str\u00f6hle Kurt<\/h3>\n<p>Auch heuer waren wieder\u00a0bis zum Schluss die Medaillenr\u00e4nge hei\u00df umk\u00e4mpft.\u00a0Der Mitgliederzuwachs und die zahlreichen\u00a0Aktivit\u00e4ten haben\u00a0die Bildqualit\u00e4t enorm gesteigert, was sich im breiten Mittelfeld widerspiegelt.<\/p>\n<p>Die diesj\u00e4hrigen Endplatzierungen<\/p>\n<ol>\n<li>Str\u00f6hle Kurt\u00a0\u00a0\u00a0\u00a0\u00a0\u00a0\u00a0\u00a0\u00a0\u00a0\u00a0\u00a0\u00a0\u00a0\u00a0\u00a0\u00a0\u00a0\u00a0\u00a0\u00a0\u00a0\u00a0\u00a0\u00a0\u00a0\u00a0\u00a0\u00a0\u00a0 524 Pkt.<\/li>\n<li>Str\u00f6hle Karin\u00a0\u00a0\u00a0\u00a0\u00a0\u00a0\u00a0\u00a0\u00a0\u00a0\u00a0\u00a0\u00a0\u00a0\u00a0\u00a0\u00a0\u00a0\u00a0\u00a0\u00a0\u00a0\u00a0\u00a0\u00a0\u00a0\u00a0\u00a0 506 Pkt.<\/li>\n<li>Grasmuck J\u00fcrgen\u00a0\u00a0\u00a0\u00a0\u00a0\u00a0\u00a0\u00a0\u00a0\u00a0\u00a0\u00a0\u00a0\u00a0\u00a0\u00a0\u00a0\u00a0\u00a0\u00a0 486 Pkt.<\/li>\n<li>Dornbach Klaus\u00a0\u00a0\u00a0\u00a0\u00a0\u00a0\u00a0\u00a0\u00a0\u00a0\u00a0\u00a0\u00a0\u00a0\u00a0\u00a0\u00a0\u00a0\u00a0\u00a0\u00a0\u00a0\u00a0 481 Pkt.<\/li>\n<li>Mader Karlheinz\u00a0\u00a0\u00a0\u00a0\u00a0\u00a0\u00a0\u00a0\u00a0\u00a0\u00a0\u00a0\u00a0\u00a0\u00a0\u00a0\u00a0\u00a0\u00a0\u00a0\u00a0\u00a0 461 Pkt.<\/li>\n<\/ol>\n<p>Das Bild des Jahres gewann in einer offenen Jurierung Mader Karl Heinz.<\/p>\n<h3><\/h3>\n","protected":false},"excerpt":{"rendered":"<p>Vereinsmeister: Str\u00f6hle Kurt Auch heuer waren wieder\u00a0bis zum Schluss die Medaillenr\u00e4nge hei\u00df umk\u00e4mpft.\u00a0Der Mitgliederzuwachs und die zahlreichen\u00a0Aktivit\u00e4ten haben\u00a0die Bildqualit\u00e4t enorm gesteigert, was sich im breiten Mittelfeld widerspiegelt. Die diesj\u00e4hrigen Endplatzierungen Str\u00f6hle Kurt\u00a0\u00a0\u00a0\u00a0\u00a0\u00a0\u00a0\u00a0\u00a0\u00a0\u00a0\u00a0\u00a0\u00a0\u00a0\u00a0\u00a0\u00a0\u00a0\u00a0\u00a0\u00a0\u00a0\u00a0\u00a0\u00a0\u00a0\u00a0\u00a0\u00a0 524 Pkt. Str\u00f6hle Karin\u00a0\u00a0\u00a0\u00a0\u00a0\u00a0\u00a0\u00a0\u00a0\u00a0\u00a0\u00a0\u00a0\u00a0\u00a0\u00a0\u00a0\u00a0\u00a0\u00a0\u00a0\u00a0\u00a0\u00a0\u00a0\u00a0\u00a0\u00a0 506 Pkt. Grasmuck J\u00fcrgen\u00a0\u00a0\u00a0\u00a0\u00a0\u00a0\u00a0\u00a0\u00a0\u00a0\u00a0\u00a0\u00a0\u00a0\u00a0\u00a0\u00a0\u00a0\u00a0\u00a0 486 Pkt. Dornbach Klaus\u00a0\u00a0\u00a0\u00a0\u00a0\u00a0\u00a0\u00a0\u00a0\u00a0\u00a0\u00a0\u00a0\u00a0\u00a0\u00a0\u00a0\u00a0\u00a0\u00a0\u00a0\u00a0\u00a0 481 &hellip; <a href=\"https:\/\/www.fotoclub-amkumma.at\/wp\/?page_id=2980\" class=\"more-link\"><span>Weiterlesen<span class=\"screen-reader-text\">VM 2013<\/span><\/span><\/a><\/p>\n","protected":false},"author":3,"featured_media":0,"parent":2554,"menu_order":2,"comment_status":"closed","ping_status":"closed","template":"","meta":{"footnotes":""},"class_list":["post-2980","page","type-page","status-publish","hentry"],"_links":{"self":[{"href":"https:\/\/www.fotoclub-amkumma.at\/wp\/index.php?rest_route=\/wp\/v2\/pages\/2980","targetHints":{"allow":["GET"]}}],"collection":[{"href":"https:\/\/www.fotoclub-amkumma.at\/wp\/index.php?rest_route=\/wp\/v2\/pages"}],"about":[{"href":"https:\/\/www.fotoclub-amkumma.at\/wp\/index.php?rest_route=\/wp\/v2\/types\/page"}],"author":[{"embeddable":true,"href":"https:\/\/www.fotoclub-amkumma.at\/wp\/index.php?rest_route=\/wp\/v2\/users\/3"}],"replies":[{"embeddable":true,"href":"https:\/\/www.fotoclub-amkumma.at\/wp\/index.php?rest_route=%2Fwp%2Fv2%2Fcomments&post=2980"}],"version-history":[{"count":4,"href":"https:\/\/www.fotoclub-amkumma.at\/wp\/index.php?rest_route=\/wp\/v2\/pages\/2980\/revisions"}],"predecessor-version":[{"id":3784,"href":"https:\/\/www.fotoclub-amkumma.at\/wp\/index.php?rest_route=\/wp\/v2\/pages\/2980\/revisions\/3784"}],"up":[{"embeddable":true,"href":"https:\/\/www.fotoclub-amkumma.at\/wp\/index.php?rest_route=\/wp\/v2\/pages\/2554"}],"wp:attachment":[{"href":"https:\/\/www.fotoclub-amkumma.at\/wp\/index.php?rest_route=%2Fwp%2Fv2%2Fmedia&parent=2980"}],"curies":[{"name":"wp","href":"https:\/\/api.w.org\/{rel}","templated":true}]}}