{"id":2,"date":"2011-12-15T14:30:03","date_gmt":"2011-12-15T14:30:03","guid":{"rendered":"http:\/\/www.fotoclub-amkumma.at\/wp\/?page_id=2"},"modified":"2024-02-13T20:10:01","modified_gmt":"2024-02-13T19:10:01","slug":"ueber-uns","status":"publish","type":"page","link":"https:\/\/www.fotoclub-amkumma.at\/wp\/?page_id=2","title":{"rendered":"\u00dcber uns"},"content":{"rendered":"\n<h4 class=\"wp-block-heading has-text-color has-large-font-size\" style=\"color:#fb0000\">Du hast Interesse am Fotografieren?<\/h4>\n\n\n\n<div class=\"wp-block-group is-vertical is-layout-flex wp-container-core-group-is-layout-8cf370e7 wp-block-group-is-layout-flex\">\n<p style=\"font-style:normal;font-weight:400\">Dann bist du bei uns genau richtig! <\/p>\n\n\n\n<ul class=\"wp-block-list\">\n<li>Anf\u00e4nger, Fortgeschritten oder Profi; bei uns sind alle recht herzlich willkommen. <\/li>\n\n\n\n<li>3 Monate schnuppern, dann nur 50\u20ac Mitgliedsbeitrag pro Jahr: <\/li>\n\n\n\n<li>Antworten auf deine Fragen, sofern du welche hast!<\/li>\n\n\n\n<li>Regelm\u00e4\u00dfige Clubabende<\/li>\n\n\n\n<li>gemeinsames praktisches Fotografieren<\/li>\n\n\n\n<li>Unterst\u00fctzung bei der Fotobearbeitung<\/li>\n\n\n\n<li>Unterst\u00fctzung bei deiner Ausr\u00fcstung sowie gem\u00fctliche Diskussionen im Clublokal. <\/li>\n<\/ul>\n\n\n\n<p style=\"font-style:normal;font-weight:400\">Interesse geweckt? Dann komm einfach bei uns im Clubheim vorbei oder melde dich telefonisch.Du findest uns in G\u00f6tzis bei der VS Blattur &#8211; neben der Turnhalle<\/p>\n\n\n\n<p><\/p>\n\n\n\n<figure class=\"wp-block-image size-large\"><img loading=\"lazy\" decoding=\"async\" width=\"669\" height=\"960\" src=\"https:\/\/www.fotoclub-amkumma.at\/wp\/wp-content\/uploads\/2023\/01\/Bildschirmfoto-2023-01-11-um-18.55.07-669x960.png\" alt=\"\" class=\"wp-image-11133\" srcset=\"https:\/\/www.fotoclub-amkumma.at\/wp\/wp-content\/uploads\/2023\/01\/Bildschirmfoto-2023-01-11-um-18.55.07-669x960.png 669w, https:\/\/www.fotoclub-amkumma.at\/wp\/wp-content\/uploads\/2023\/01\/Bildschirmfoto-2023-01-11-um-18.55.07-139x200.png 139w, https:\/\/www.fotoclub-amkumma.at\/wp\/wp-content\/uploads\/2023\/01\/Bildschirmfoto-2023-01-11-um-18.55.07-70x100.png 70w, https:\/\/www.fotoclub-amkumma.at\/wp\/wp-content\/uploads\/2023\/01\/Bildschirmfoto-2023-01-11-um-18.55.07-768x1102.png 768w, https:\/\/www.fotoclub-amkumma.at\/wp\/wp-content\/uploads\/2023\/01\/Bildschirmfoto-2023-01-11-um-18.55.07-1070x1536.png 1070w, https:\/\/www.fotoclub-amkumma.at\/wp\/wp-content\/uploads\/2023\/01\/Bildschirmfoto-2023-01-11-um-18.55.07.png 1274w\" sizes=\"auto, (max-width: 669px) 100vw, 669px\" \/><figcaption class=\"wp-element-caption\">Unser Clublokal befindet sich in der VS Blattur in G\u00f6tzis<\/figcaption><\/figure>\n<\/div>\n\n\n\n<div class=\"wp-block-group is-vertical is-layout-flex wp-container-core-group-is-layout-8cf370e7 wp-block-group-is-layout-flex\">\n<h2 class=\"wp-block-heading has-text-color\" style=\"color:#fb0000\">Leitbild<\/h2>\n\n\n\n<p><strong>FOTO<\/strong><strong>CLUB<\/strong><strong> am<\/strong><strong>Kumma<\/strong><\/p>\n\n\n\n<p>Wir sind ein aktiver Fotoclub, zug\u00e4nglich f\u00fcr alle Fotointeressierte ohne Alterslimit.&nbsp;Unsere Interessen gelten ausschlie\u00dflich der Fotografie, in ihrer ganzen Breite und Faszination.&nbsp;<\/p>\n\n\n\n<p><strong>Unsere Ziele sind<\/strong><\/p>\n\n\n\n<ul class=\"wp-block-list\">\n<li>Vermittlung der Fotografie f\u00fcr <strong>alle<\/strong> als Freizeitgestaltung (Pflege und F\u00f6rderung der Fotografie)<\/li>\n\n\n\n<li>Heranf\u00fchrung von Jugendlichen an die Fotografie (inkl. Handyfotografie)<\/li>\n\n\n\n<li>Hilfestellung durch Fotokurse und Fotoworkshops<\/li>\n\n\n\n<li>Praktische Ausbildung in der Bildbearbeitung und Kameratechnik<\/li>\n\n\n\n<li>Hilfestellung f\u00fcr Anf\u00e4nger bis zu den Hobbyprofis.<\/li>\n\n\n\n<li>Regelm\u00e4\u00dfige Klubabende<\/li>\n\n\n\n<li>Themenbezogene Gestaltung der Clubabende<\/li>\n\n\n\n<li>Ausstellungen und Pr\u00e4sentationen von Bildern unseres Clubs&nbsp;<\/li>\n\n\n\n<li>Vorbereitung f\u00fcr Teilnahme an Wettbewerben (freiwillig)<\/li>\n\n\n\n<li>Durchf\u00fchren, sowie Teilnahme an Ausstellungen und Wettbewerben (freiwillig)<\/li>\n<\/ul>\n<\/div>\n\n\n\n<h2 class=\"wp-block-heading has-text-color\" style=\"color:#fb0000\">Ausstellungen<\/h2>\n\n\n\n<ul class=\"wp-block-list\">\n<li>M\u00e4der im Gemeindeamt: aktuell Bilder von Markus Solterbeck<\/li>\n\n\n\n<li>Koblach Gemeindeamt: abgeschlossen<\/li>\n\n\n\n<li>Altach im KOM: abgeschlossen<\/li>\n<\/ul>\n","protected":false},"excerpt":{"rendered":"<p>Du hast Interesse am Fotografieren? Dann bist du bei uns genau richtig! Interesse geweckt? Dann komm einfach bei uns im Clubheim vorbei oder melde dich telefonisch.Du findest uns in G\u00f6tzis bei der VS Blattur &#8211; neben der Turnhalle Leitbild FOTOCLUB amKumma Wir sind ein aktiver &hellip; <a href=\"https:\/\/www.fotoclub-amkumma.at\/wp\/?page_id=2\" class=\"more-link\"><span>Weiterlesen<span class=\"screen-reader-text\">\u00dcber uns<\/span><\/span><\/a><\/p>\n","protected":false},"author":1,"featured_media":0,"parent":0,"menu_order":3,"comment_status":"closed","ping_status":"closed","template":"","meta":{"footnotes":""},"class_list":["post-2","page","type-page","status-publish","hentry"],"_links":{"self":[{"href":"https:\/\/www.fotoclub-amkumma.at\/wp\/index.php?rest_route=\/wp\/v2\/pages\/2","targetHints":{"allow":["GET"]}}],"collection":[{"href":"https:\/\/www.fotoclub-amkumma.at\/wp\/index.php?rest_route=\/wp\/v2\/pages"}],"about":[{"href":"https:\/\/www.fotoclub-amkumma.at\/wp\/index.php?rest_route=\/wp\/v2\/types\/page"}],"author":[{"embeddable":true,"href":"https:\/\/www.fotoclub-amkumma.at\/wp\/index.php?rest_route=\/wp\/v2\/users\/1"}],"replies":[{"embeddable":true,"href":"https:\/\/www.fotoclub-amkumma.at\/wp\/index.php?rest_route=%2Fwp%2Fv2%2Fcomments&post=2"}],"version-history":[{"count":86,"href":"https:\/\/www.fotoclub-amkumma.at\/wp\/index.php?rest_route=\/wp\/v2\/pages\/2\/revisions"}],"predecessor-version":[{"id":12464,"href":"https:\/\/www.fotoclub-amkumma.at\/wp\/index.php?rest_route=\/wp\/v2\/pages\/2\/revisions\/12464"}],"wp:attachment":[{"href":"https:\/\/www.fotoclub-amkumma.at\/wp\/index.php?rest_route=%2Fwp%2Fv2%2Fmedia&parent=2"}],"curies":[{"name":"wp","href":"https:\/\/api.w.org\/{rel}","templated":true}]}}