{"id":182,"date":"2011-12-30T15:07:43","date_gmt":"2011-12-30T15:07:43","guid":{"rendered":"http:\/\/www.fotoclub-amkumma.at\/wp\/?page_id=182"},"modified":"2023-01-10T21:06:58","modified_gmt":"2023-01-10T21:06:58","slug":"impressum","status":"publish","type":"page","link":"https:\/\/www.fotoclub-amkumma.at\/wp\/?page_id=182","title":{"rendered":"Impressum"},"content":{"rendered":"<h5>Fotoclub amKumma<\/h5>\n<h5>Verantwortlich f\u00fcr den Inhalt:<\/h5>\n<p>J\u00fcrgen Grasmuck<br \/>\nRoggenplatz 31<br \/>\n6841 M\u00e4der<\/p>\n<p>Tel.: 0650-0661601<br \/>\nE-Mail: <a href=\"mailto:juergen.grasmuck@gmx.at\">juergen.grasmuck@gmx.at<\/a><\/p>\n<p>ZVR:\u00a0937824289<\/p>\n<h5>Copyright:<\/h5>\n<p>Das Copyright f\u00fcr ver\u00f6ffentlichte, vom Autor selbst erstellte Objekte bleibt allein beim Autor der Seiten. Eine Vervielf\u00e4ltigung oder Verwendung solcher Grafiken, Tondokumente, Videosequenzen und Texte in anderen elektronischen oder gedruckten Publikationen ist ohne ausdr\u00fcckliche Zustimmung des Autors nicht gestattet.<\/p>\n","protected":false},"excerpt":{"rendered":"<p>Fotoclub amKumma Verantwortlich f\u00fcr den Inhalt: J\u00fcrgen Grasmuck Roggenplatz 31 6841 M\u00e4der Tel.: 0650-0661601 E-Mail: juergen.grasmuck@gmx.at ZVR:\u00a0937824289 Copyright: Das Copyright f\u00fcr ver\u00f6ffentlichte, vom Autor selbst erstellte Objekte bleibt allein beim Autor der Seiten. Eine Vervielf\u00e4ltigung oder Verwendung solcher Grafiken, Tondokumente, Videosequenzen und Texte in anderen &hellip; <a href=\"https:\/\/www.fotoclub-amkumma.at\/wp\/?page_id=182\" class=\"more-link\"><span>Weiterlesen<span class=\"screen-reader-text\">Impressum<\/span><\/span><\/a><\/p>\n","protected":false},"author":1,"featured_media":0,"parent":1236,"menu_order":9,"comment_status":"closed","ping_status":"closed","template":"","meta":{"footnotes":""},"class_list":["post-182","page","type-page","status-publish","hentry"],"_links":{"self":[{"href":"https:\/\/www.fotoclub-amkumma.at\/wp\/index.php?rest_route=\/wp\/v2\/pages\/182","targetHints":{"allow":["GET"]}}],"collection":[{"href":"https:\/\/www.fotoclub-amkumma.at\/wp\/index.php?rest_route=\/wp\/v2\/pages"}],"about":[{"href":"https:\/\/www.fotoclub-amkumma.at\/wp\/index.php?rest_route=\/wp\/v2\/types\/page"}],"author":[{"embeddable":true,"href":"https:\/\/www.fotoclub-amkumma.at\/wp\/index.php?rest_route=\/wp\/v2\/users\/1"}],"replies":[{"embeddable":true,"href":"https:\/\/www.fotoclub-amkumma.at\/wp\/index.php?rest_route=%2Fwp%2Fv2%2Fcomments&post=182"}],"version-history":[{"count":14,"href":"https:\/\/www.fotoclub-amkumma.at\/wp\/index.php?rest_route=\/wp\/v2\/pages\/182\/revisions"}],"predecessor-version":[{"id":11122,"href":"https:\/\/www.fotoclub-amkumma.at\/wp\/index.php?rest_route=\/wp\/v2\/pages\/182\/revisions\/11122"}],"up":[{"embeddable":true,"href":"https:\/\/www.fotoclub-amkumma.at\/wp\/index.php?rest_route=\/wp\/v2\/pages\/1236"}],"wp:attachment":[{"href":"https:\/\/www.fotoclub-amkumma.at\/wp\/index.php?rest_route=%2Fwp%2Fv2%2Fmedia&parent=182"}],"curies":[{"name":"wp","href":"https:\/\/api.w.org\/{rel}","templated":true}]}}