{"id":177,"date":"2011-12-30T14:57:29","date_gmt":"2011-12-30T14:57:29","guid":{"rendered":"http:\/\/www.fotoclub-amkumma.at\/wp\/?page_id=177"},"modified":"2024-02-27T18:23:33","modified_gmt":"2024-02-27T17:23:33","slug":"vereinsarchiv","status":"publish","type":"page","link":"https:\/\/www.fotoclub-amkumma.at\/wp\/?page_id=177","title":{"rendered":"Vereinsarchiv"},"content":{"rendered":"<p><!--more--><\/p>\n<h1>VM 4. Quartal<\/h1>\n<p>Auch im 4. Quartal unserer Vereinsmeisterschaft bekamen wir wieder sehr sch\u00f6ne Fotos zu sehen.<\/p>\n<p>17 Vereinsmitglieder haben im letzten Quartal teilgenommen. \u00dcber das ganze Jahr gesehen waren\u00a0heuer 13 Fotografen in allen Quartalen am Start. Das ist ein neuer Teilnehmerrekord.<\/p>\n<p>Tolle Leistung und Gratulation an alle die so flei\u00dfig fotografiert und auch juriert haben. Doch nun zum Ergebnis:<!--more--><\/p>\n<p>Gratulation an Lothar Halbeisen, der im letzten Quartal das h\u00f6chstbewertete Bild, im Schnitt 8,29 Punkte, zusammen mit Karl Heinz Mader ebenfalls 8,29 Punkte f\u00fcr sich verbuchen konnte. Der Kampf um die Podiumspl\u00e4tze war wieder bis zum Schlu\u00df hei\u00df umk\u00e4mpft und es kann so viel verraten werden, da\u00df es noch einige Verschiebungen gegeben hat.<\/p>\n<p>Das genaue Ergebnis erfahren wir dann auf unserem Abschlussabend am 27. November im GH Adler in Hohenems.<\/p>\n<p><!--more--><\/p>\n<h1>VM 3.Quartal<\/h1>\n<p>Auch im 4. Quartal unserer Vereinsmeisterschaft bekamen wir wieder sehr sch\u00f6ne Fotos zu sehen.<\/p>\n<p>17 Vereinsmitglieder haben im letzten Quartal teilgenommen. \u00dcber das ganze Jahr gesehen waren\u00a0heuer 13 Fotografen in allen Quartalen am Start. Das ist ein neuer Teilnehmerrekord.<\/p>\n<p>Tolle Leistung und Gratulation an alle die so flei\u00dfig fotografiert und auch juriert haben. Doch nun zum Ergebnis:<!--more--><\/p>\n<p>Gratulation an Lothar Halbeisen, der im letzten Quartal das h\u00f6chstbewertete Bild, im Schnitt 8,29 Punkte, zusammen mit Karl Heinz Mader ebenfalls 8,29 Punkte f\u00fcr sich verbuchen konnte. Der Kampf um die Podiumspl\u00e4tze war wieder bis zum Schlu\u00df hei\u00df umk\u00e4mpft und es kann so viel verraten werden, da\u00df es noch einige Verschiebungen gegeben hat.<\/p>\n<p>Das genaue Ergebnis erfahren wir dann auf unserem Abschlussabend am 27. November im GH Adler in Hohenems.<\/p>\n<p><!--more--><\/p>\n<h1>VM 2. Quartal<\/h1>\n<p>Mit einer Rekordteilnehmerzahl von 20 Fotografen, ist am Montag das 2. Quartal unserer Vereinsmeisterschaft \u00fcber die B\u00fchne gegangen.<\/p>\n<p>Wieder sehr viel unterschiedliche Bilder wurden begutachtet und juriert. Leider gab es ein kleines Problem mit der Bildwiedergabe auf dem neuen TV. Wir konnten aber im Anschluss an den Clubabend diesen Fehler beheben und bei der n\u00e4chsten VM ist wieder alles in Ordnung.<\/p>\n<p>Alle 80 Bilder sind juriert und ausgewertet.<\/p>\n<p>Das Siegerbild in der Einzelwertung kommt\u00a0wieder von Norbert Bargetz. Mit durchschnittlich 9,05 Punkten hatte sein Bild vom Kleiber die Nase vorne. Platz 2 und 3 gehen an Karl Heinz Mader, Platz 4 Klaus Dornbach und Platz 5 wiederum an Norbert Bargetz.<\/p>\n<p>Den Quartalssieg aber konnte Karl Heinz Mader f\u00fcr sich verbuchen. Mit 31,26 Punkten liegt er aber nur 0,05 Punkte vor Norbert Bargetz und Klaus Dornbach (29,63 Punkte)<\/p>\n<p>Das bedeutet, dass es eine Umreihung in der Gesamtwertung gegeben hat.<\/p>\n<ol>\n<li>Karl Heinz Mader 64,15 Pkt.<\/li>\n<li>Bargetz Norbert 61,60 Pkt.<\/li>\n<li>Grasmuck J\u00fcrgen 59,04 Pkt.<\/li>\n<li>Klaus Dornbach 58,96 Pkt.<\/li>\n<li>Karin Str\u00f6hle 58,71 Pkt.<\/li>\n<\/ol>\n<p><!--more--><\/p>\n<h1>VM 1. Quartal<\/h1>\n<p>Sehr hohes Niveau im &#8222;fast&#8220; \u00fcberf\u00fcllten Clublokal.<\/p>\n<p>Bis auf den letzten Platz gef\u00fcllt war unser Clublokal bei der Bildpr\u00e4sentation der Vereinsmeisterschaft. Super Bildideen und sehr sch\u00f6ne Fotos, brachten nicht nur unsere Schnupperer zum Schw\u00e4rmen, auch die alten Hasen waren davon sehr angetan.<\/p>\n<p>Die Bilder\u00a0auf unserem neuen Bildschirm anzuschauen ist eine wahre Freude. Mit 19 Teilnehmern konnten wir auch hier wieder einen Rekord verzeichnen.<\/p>\n<p>Vom Landschaftsfoto bis zum Experiment ist wieder alles dabei.<\/p>\n<p>eine kleine Auswahl der Bilder findest du hier:<\/p>\n<p><!--more--><\/p>\n<h1>JHV<\/h1>\n<p>Lothar, Elisabeth, Bertram, Klaus, J\u00fcrgen, Helmut<\/p>\n<p>Am 1. Februar ging im Clublokal des Fotoclubs die 3. Ordentliche JHV \u00fcber die B\u00fchne.<\/p>\n<p>Obmann J\u00fcrgen Grasmuck konnte dabei fast den ganzen Fotoclub begr\u00fc\u00dfen.<\/p>\n<p>In seinem R\u00fcckblick auf das turbulente aber doch spannende Jahr, wurden noch einmal die Highlights des Clublebens hervorgehoben. Nach dem Obmannwechsel im Fr\u00fchjahr, hat sich der Club neu ausgerichtet und einige organisatorische \u00c4nderungen durchgef\u00fchrt.<\/p>\n<p>So ist man wieder mehr auf die W\u00fcnsche und Anregungen unserer vielen Neumitglieder eingegangen. Anfang des Jahres wurde ein interner Kamera Workshop durchgef\u00fchrt, bei dem Zeit, Blende und Kameratechnik behandelt wurden. Mit dem Erlernten konnten wir dann die kalten Monate im Studio \u00fcberbr\u00fccken.<\/p>\n<p>Mit Fotoausfl\u00fcgen zur Insel Mainau, blaue Stunde in Bregenz oder Lindau wurde so mancher warmer Sommertag verbracht. Der gesellschaftliche Teil kam auch nicht zu kurz und hatte seine Kr\u00f6nung mit dem Grillfest bei unserem Schriftf\u00fchrer Bertram.<\/p>\n<p>H\u00f6hepunkt in diesem Vereinsjahr war sicherlich die Landesmeisterschaft, bei der wir den gr\u00f6\u00dften Erfolg in unserer Vereinsgeschichte erreichen konnten.<\/p>\n<p>Mit Klaus Dornbach konnte der Fotoclub erstmals einen Kombinationslandesmeister stellen. Dieser Erfolg wurde durch den Landesmeister in der Sparte Digital von Karl Heinz Mader abgerundet.<\/p>\n<p>Die j\u00e4hrlich wieder kehrenden Ausstellungen, rund um den Kummenberg, waren auch wieder sehr beliebt und fordern unsere Mitglieder jedesmal auf\u2019s Neue.<\/p>\n<p>Bei der diesj\u00e4hrigen Neuwahl wurde der geasmte Vorstand, von der Vollversammlung, einstimmig in seinem Amt best\u00e4tigt. Der neugew\u00e4hlte Obmann bedankte sich f\u00fcr das ausgesprochene Vertrauen und freut sich mit dem Team schon auf die anstehenden Aufgaben und Herausforderungen.<\/p>\n<p><!--more--><\/p>\n<h3>Karl Heinz Mader, hei\u00dft unser neuer Vereinsmeister.<\/h3>\n<p>Wir gratulieren Karl Heinz recht herzlich zu einem weiteren Titel in seiner noch jungen Fotokarriere. KH konnte den\u00a0knappen Vorsprung (0,7 Punkte) aus dem 3. Quartal, mit 4 tollen Bildern im letzten Quartal doch noch ausbauen und siegte mit 2,3 Punkten Vorsprung auf Klaus Dornbach. Unsere beiden Landesmeister zeigten\u00a0auch Club intern wie hoch die fotografische Latte gesetzt ist. Beide haben ihr erfolgreichstes Jahr hinter sich und stehen nicht ganz unverdient da oben.\u00a0Karl Heinz und Klaus konnten je 2 Quartale f\u00fcr sich entscheiden. Die Entscheidung fiel deshalb im letzten Durchgang; in diesem konnte KH alle 4 Bilder unter die besten 10 bringen, weshalb er auch die Nase vorne hatte.<\/p>\n<p>Hart umk\u00e4mpft war auch der dritte Platz, welchen Karin Str\u00f6hle schlie\u00dflich f\u00fcr sich erringen konnte. Mit 0,3 Punkten vor J\u00fcrgen Grasmuck, war auch das wieder eine knappe Entscheidung.<\/p>\n<p>Die weiteren Platzierungen:<\/p>\n<p>Bei unserer diesj\u00e4hrigen Abschlussfeier im Gasthaus Adler in M\u00e4der, durften wir \u00fcber 20 Mitglieder mit deren Begleitung begr\u00fc\u00dfen. Nach der Fotoshow vom letzten Quartal der Vereinsmeisterschaft, und der Preisverteilung gab es noch einen kleinen Jahresr\u00fcckblick, in dem schon Vergessenes wieder in Errinnerung gerufen wurde.<\/p>\n<p>Zum Abschluss konnten alle G\u00e4ste auch noch das\u00a0<a href=\"http:\/\/www.fotoclub-amkumma.at\/wp\/?page_id=7003\">&#8222;Bild des Jahres&#8220;<\/a> bewerten.<\/p>\n<p>Als ob der Vereinsmeister nicht schon genug w\u00e4re, riss sich Karl Heinz auch noch diese Auszeichnung unter den Nagel. Das Foto des Jahres kann\u00a0er nun schon zum zweiten Mal sein Eigen nennen. Auch dazu m\u00f6chten wir ihm nochmal recht herzlich gratulieren.<\/p>\n","protected":false},"excerpt":{"rendered":"","protected":false},"author":1,"featured_media":0,"parent":0,"menu_order":7,"comment_status":"closed","ping_status":"closed","template":"","meta":{"footnotes":""},"class_list":["post-177","page","type-page","status-publish","hentry"],"_links":{"self":[{"href":"https:\/\/www.fotoclub-amkumma.at\/wp\/index.php?rest_route=\/wp\/v2\/pages\/177","targetHints":{"allow":["GET"]}}],"collection":[{"href":"https:\/\/www.fotoclub-amkumma.at\/wp\/index.php?rest_route=\/wp\/v2\/pages"}],"about":[{"href":"https:\/\/www.fotoclub-amkumma.at\/wp\/index.php?rest_route=\/wp\/v2\/types\/page"}],"author":[{"embeddable":true,"href":"https:\/\/www.fotoclub-amkumma.at\/wp\/index.php?rest_route=\/wp\/v2\/users\/1"}],"replies":[{"embeddable":true,"href":"https:\/\/www.fotoclub-amkumma.at\/wp\/index.php?rest_route=%2Fwp%2Fv2%2Fcomments&post=177"}],"version-history":[{"count":90,"href":"https:\/\/www.fotoclub-amkumma.at\/wp\/index.php?rest_route=\/wp\/v2\/pages\/177\/revisions"}],"predecessor-version":[{"id":12467,"href":"https:\/\/www.fotoclub-amkumma.at\/wp\/index.php?rest_route=\/wp\/v2\/pages\/177\/revisions\/12467"}],"wp:attachment":[{"href":"https:\/\/www.fotoclub-amkumma.at\/wp\/index.php?rest_route=%2Fwp%2Fv2%2Fmedia&parent=177"}],"curies":[{"name":"wp","href":"https:\/\/api.w.org\/{rel}","templated":true}]}}