{"id":12476,"date":"2024-02-27T19:33:36","date_gmt":"2024-02-27T18:33:36","guid":{"rendered":"https:\/\/www.fotoclub-amkumma.at\/wp\/?page_id=12476"},"modified":"2024-02-27T19:33:36","modified_gmt":"2024-02-27T18:33:36","slug":"vm-2023","status":"publish","type":"page","link":"https:\/\/www.fotoclub-amkumma.at\/wp\/?page_id=12476","title":{"rendered":"VM 2023"},"content":{"rendered":"\n<p>Die diesj\u00e4hrige Vereinsmeisterschaft wurde erstmals nicht Quartalsm\u00e4\u00dfig durchgef\u00fchrt, sondern heuer konnten alle Teilnehmer insgesamt 6 Bilder abgeben. Diese wurden extern juriert und die jeweils besten 4 Bilder kamen in die Wertung.<\/p>\n\n\n\n<p>Insgesamt haben 11 Clubmitglieder an der Vereinsmeisterschaft teilgenommen.<\/p>\n\n\n\n<p>Und das Ergebnis war dementsprechend spannend. So konnte sich der neue Vereinsmeister nur durch die h\u00f6here Einzelwertung durchsetzen k\u00f6nnen.<\/p>\n\n\n\n<p class=\"has-text-align-center\">knappe Entscheidung um den Titel<\/p>\n\n\n\n<p>Mit jeweils 104 Punkten waren <strong>Klaus Dornbach<\/strong> und <strong>Karl Heinz Mader<\/strong> an der Spitze des Teilnehmerfeldes. Mit insgesamt 4 mal 10 Punkten konnte sich Klaus ganz knapp vor Karl Heinz (3&#215;10) den Titel 2023 sichern. Wir gratulieren recht herzlich<\/p>\n","protected":false},"excerpt":{"rendered":"<p>Die diesj\u00e4hrige Vereinsmeisterschaft wurde erstmals nicht Quartalsm\u00e4\u00dfig durchgef\u00fchrt, sondern heuer konnten alle Teilnehmer insgesamt 6 Bilder abgeben. Diese wurden extern juriert und die jeweils besten 4 Bilder kamen in die Wertung. Insgesamt haben 11 Clubmitglieder an der Vereinsmeisterschaft teilgenommen. Und das Ergebnis war dementsprechend spannend. &hellip; <a href=\"https:\/\/www.fotoclub-amkumma.at\/wp\/?page_id=12476\" class=\"more-link\"><span>Weiterlesen<span class=\"screen-reader-text\">VM 2023<\/span><\/span><\/a><\/p>\n","protected":false},"author":3,"featured_media":0,"parent":177,"menu_order":0,"comment_status":"closed","ping_status":"closed","template":"","meta":{"footnotes":""},"class_list":["post-12476","page","type-page","status-publish","hentry"],"_links":{"self":[{"href":"https:\/\/www.fotoclub-amkumma.at\/wp\/index.php?rest_route=\/wp\/v2\/pages\/12476","targetHints":{"allow":["GET"]}}],"collection":[{"href":"https:\/\/www.fotoclub-amkumma.at\/wp\/index.php?rest_route=\/wp\/v2\/pages"}],"about":[{"href":"https:\/\/www.fotoclub-amkumma.at\/wp\/index.php?rest_route=\/wp\/v2\/types\/page"}],"author":[{"embeddable":true,"href":"https:\/\/www.fotoclub-amkumma.at\/wp\/index.php?rest_route=\/wp\/v2\/users\/3"}],"replies":[{"embeddable":true,"href":"https:\/\/www.fotoclub-amkumma.at\/wp\/index.php?rest_route=%2Fwp%2Fv2%2Fcomments&post=12476"}],"version-history":[{"count":1,"href":"https:\/\/www.fotoclub-amkumma.at\/wp\/index.php?rest_route=\/wp\/v2\/pages\/12476\/revisions"}],"predecessor-version":[{"id":12477,"href":"https:\/\/www.fotoclub-amkumma.at\/wp\/index.php?rest_route=\/wp\/v2\/pages\/12476\/revisions\/12477"}],"up":[{"embeddable":true,"href":"https:\/\/www.fotoclub-amkumma.at\/wp\/index.php?rest_route=\/wp\/v2\/pages\/177"}],"wp:attachment":[{"href":"https:\/\/www.fotoclub-amkumma.at\/wp\/index.php?rest_route=%2Fwp%2Fv2%2Fmedia&parent=12476"}],"curies":[{"name":"wp","href":"https:\/\/api.w.org\/{rel}","templated":true}]}}