{"id":12053,"date":"2023-03-19T20:01:31","date_gmt":"2023-03-19T19:01:31","guid":{"rendered":"https:\/\/www.fotoclub-amkumma.at\/wp\/?page_id=12053"},"modified":"2023-03-21T18:26:29","modified_gmt":"2023-03-21T17:26:29","slug":"zoo-zuerich","status":"publish","type":"page","link":"https:\/\/www.fotoclub-amkumma.at\/wp\/?page_id=12053","title":{"rendered":"Zoo Z\u00fcrich"},"content":{"rendered":"\n<p>Hier k\u00f6nnt Ihr einige Bilder von unserem Besuch im Zoo Z\u00fcrich bewundern. <\/p>\n\n\n\n<p>Fotografen: J\u00fcrgen Grasmuck, Manuel H\u00e4mmerle, Markus Solterbeck<\/p>\n\n\n\t<!-- Gallery Engine Assets -->\r\n\t<style>\r\n\t\t#image_gallery_wrap_12055 {\r\n            --ig-gutter: 8px;\r\n            --ig-cols-lg: 4;\r\n            --ig-cols-md: 3;\r\n            --ig-cols-sm: 2;\r\n            --ig-cols-xs: 1;\r\n            \r\n            \/* Dynamic Border Variables *\/\r\n                        --ig-radius: 8px;\r\n            --ig-card-radius: 8px;\r\n            --ig-card-padding: 8px;\r\n\r\n\r\n        }\r\n\t<\/style>\r\n        <div id=\"image_gallery_wrap_12055\" \r\n        class=\"ig-gallery-outer-wrap ig-layout-masonry\" \r\n        data-layout=\"masonry\" \r\n        data-lb-loop=\"1\" \r\n        data-lb-label=\"Image %1 of %2\"\r\n        data-version=\"2.0.1\">\r\n\r\n<p class=\"ig-no-images\">No images found in this gallery.<\/p>    <\/div>\n","protected":false},"excerpt":{"rendered":"<p>Hier k\u00f6nnt Ihr einige Bilder von unserem Besuch im Zoo Z\u00fcrich bewundern. Fotografen: J\u00fcrgen Grasmuck, Manuel H\u00e4mmerle, Markus Solterbeck<\/p>\n","protected":false},"author":3,"featured_media":12034,"parent":11491,"menu_order":0,"comment_status":"closed","ping_status":"closed","template":"","meta":{"footnotes":""},"class_list":["post-12053","page","type-page","status-publish","has-post-thumbnail","hentry"],"_links":{"self":[{"href":"https:\/\/www.fotoclub-amkumma.at\/wp\/index.php?rest_route=\/wp\/v2\/pages\/12053","targetHints":{"allow":["GET"]}}],"collection":[{"href":"https:\/\/www.fotoclub-amkumma.at\/wp\/index.php?rest_route=\/wp\/v2\/pages"}],"about":[{"href":"https:\/\/www.fotoclub-amkumma.at\/wp\/index.php?rest_route=\/wp\/v2\/types\/page"}],"author":[{"embeddable":true,"href":"https:\/\/www.fotoclub-amkumma.at\/wp\/index.php?rest_route=\/wp\/v2\/users\/3"}],"replies":[{"embeddable":true,"href":"https:\/\/www.fotoclub-amkumma.at\/wp\/index.php?rest_route=%2Fwp%2Fv2%2Fcomments&post=12053"}],"version-history":[{"count":3,"href":"https:\/\/www.fotoclub-amkumma.at\/wp\/index.php?rest_route=\/wp\/v2\/pages\/12053\/revisions"}],"predecessor-version":[{"id":12089,"href":"https:\/\/www.fotoclub-amkumma.at\/wp\/index.php?rest_route=\/wp\/v2\/pages\/12053\/revisions\/12089"}],"up":[{"embeddable":true,"href":"https:\/\/www.fotoclub-amkumma.at\/wp\/index.php?rest_route=\/wp\/v2\/pages\/11491"}],"wp:featuredmedia":[{"embeddable":true,"href":"https:\/\/www.fotoclub-amkumma.at\/wp\/index.php?rest_route=\/wp\/v2\/media\/12034"}],"wp:attachment":[{"href":"https:\/\/www.fotoclub-amkumma.at\/wp\/index.php?rest_route=%2Fwp%2Fv2%2Fmedia&parent=12053"}],"curies":[{"name":"wp","href":"https:\/\/api.w.org\/{rel}","templated":true}]}}