{"id":11173,"date":"2023-01-12T19:13:59","date_gmt":"2023-01-12T19:13:59","guid":{"rendered":"https:\/\/www.fotoclub-amkumma.at\/wp\/?page_id=11173"},"modified":"2023-01-13T18:59:16","modified_gmt":"2023-01-13T18:59:16","slug":"vm-2022","status":"publish","type":"page","link":"https:\/\/www.fotoclub-amkumma.at\/wp\/?page_id=11173","title":{"rendered":"VM 2022"},"content":{"rendered":"\n<p>Bereits zum dritten Mal hintereinander hei\u00dft der Vereinsmeister Klaus Dornbach. Karl Heinz Mader und Manuel H\u00e4mmerle folgen auf den Pl\u00e4tzen<\/p>\n\n\n\n<figure class=\"wp-block-image size-large\"><img decoding=\"async\" src=\"https:\/\/www.fotoclub-amkumma.at\/wp\/wp-content\/uploads\/2023\/01\/Auswertung-1-1280x824.png\" alt=\"\" class=\"wp-image-11174\"\/><\/figure>\n","protected":false},"excerpt":{"rendered":"<p>Bereits zum dritten Mal hintereinander hei\u00dft der Vereinsmeister Klaus Dornbach. Karl Heinz Mader und Manuel H\u00e4mmerle folgen auf den Pl\u00e4tzen<\/p>\n","protected":false},"author":3,"featured_media":0,"parent":2554,"menu_order":2022,"comment_status":"closed","ping_status":"closed","template":"","meta":{"footnotes":""},"class_list":["post-11173","page","type-page","status-publish","hentry"],"_links":{"self":[{"href":"https:\/\/www.fotoclub-amkumma.at\/wp\/index.php?rest_route=\/wp\/v2\/pages\/11173","targetHints":{"allow":["GET"]}}],"collection":[{"href":"https:\/\/www.fotoclub-amkumma.at\/wp\/index.php?rest_route=\/wp\/v2\/pages"}],"about":[{"href":"https:\/\/www.fotoclub-amkumma.at\/wp\/index.php?rest_route=\/wp\/v2\/types\/page"}],"author":[{"embeddable":true,"href":"https:\/\/www.fotoclub-amkumma.at\/wp\/index.php?rest_route=\/wp\/v2\/users\/3"}],"replies":[{"embeddable":true,"href":"https:\/\/www.fotoclub-amkumma.at\/wp\/index.php?rest_route=%2Fwp%2Fv2%2Fcomments&post=11173"}],"version-history":[{"count":1,"href":"https:\/\/www.fotoclub-amkumma.at\/wp\/index.php?rest_route=\/wp\/v2\/pages\/11173\/revisions"}],"predecessor-version":[{"id":11175,"href":"https:\/\/www.fotoclub-amkumma.at\/wp\/index.php?rest_route=\/wp\/v2\/pages\/11173\/revisions\/11175"}],"up":[{"embeddable":true,"href":"https:\/\/www.fotoclub-amkumma.at\/wp\/index.php?rest_route=\/wp\/v2\/pages\/2554"}],"wp:attachment":[{"href":"https:\/\/www.fotoclub-amkumma.at\/wp\/index.php?rest_route=%2Fwp%2Fv2%2Fmedia&parent=11173"}],"curies":[{"name":"wp","href":"https:\/\/api.w.org\/{rel}","templated":true}]}}